{"id":6394,"date":"2021-04-12T13:25:38","date_gmt":"2021-04-12T11:25:38","guid":{"rendered":"https:\/\/www.emotionforte.com\/contacto\/"},"modified":"2024-07-31T12:05:06","modified_gmt":"2024-07-31T10:05:06","slug":"contacto","status":"publish","type":"page","link":"https:\/\/www.emotionforte.com\/es\/contacto\/","title":{"rendered":"Contacto"},"content":{"rendered":"<div class=\"wpb-content-wrapper\"><p>[vc_row][vc_column][vc_column_text css=\u00bb\u00bb]<\/p>\n<h3>Cont\u00e1ctenos<\/h3>\n<p>[\/vc_column_text][\/vc_column][\/vc_row][vc_row][vc_column width=\u00bb1\/3&#8243;][vc_column_text css=\u00bb\u00bb]<\/p>\n<ul>\n<li><a href=\"mailto:editions@emotionforte.com\">editions@emotionforte.com<\/a><\/li>\n<li>4 rue Pag\u00e8s, 34070 Montpellier, France<\/li>\n<\/ul>\n<p>Para estar al d\u00eda de la publicaci\u00f3n de nuevos libros y de las diversas actividades de Editions Emotion Forte, \u00a1inscr\u00edbase a nuestro bolet\u00edn de noticias![\/vc_column_text][vc_btn title=\u00bbSuscr\u00edbase a nuestro bolet\u00edn\u00bb style=\u00bbflat\u00bb color=\u00bbprimary\u00bb css=\u00bb.vc_custom_1722420089403{margin-bottom: 0px !important;}\u00bb link=\u00bburl:https%3A%2F%2Ff23500c7.sibforms.com%2Fserve%2FMUIFAHqC4KJcpoo_T89XFGxuMvbpP92A_DdJe8A1b3dLr6Jt3jQTdtZ7nAuUrHRKm_V1GtINmAH4825qqsLEX3GRrwpkRoZWbuGyC2lVlFma9OfTURtKmhChDZXZ5zdHi6nZqca816hkGKRv77fcV9yvVd-uaMvK3egPt86rtNHOJU1WdKgG5u9aknp0x3XrV9fW02nBadY9GHuk|target:_blank|\u00bb][\/vc_column][vc_column width=\u00bb2\/3&#8243;]\n<div class=\"wpcf7 no-js\" id=\"wpcf7-f8430-o1\" lang=\"es-ES\" dir=\"ltr\" data-wpcf7-id=\"8430\">\n<div class=\"screen-reader-response\"><p role=\"status\" aria-live=\"polite\" aria-atomic=\"true\"><\/p> <ul><\/ul><\/div>\n<form action=\"\/es\/wp-json\/wp\/v2\/pages\/6394#wpcf7-f8430-o1\" method=\"post\" class=\"wpcf7-form init\" aria-label=\"Formulario de contacto\" novalidate=\"novalidate\" data-status=\"init\">\n<fieldset class=\"hidden-fields-container\"><input type=\"hidden\" name=\"_wpcf7\" value=\"8430\" \/><input type=\"hidden\" name=\"_wpcf7_version\" value=\"6.1.5\" \/><input type=\"hidden\" name=\"_wpcf7_locale\" value=\"es_ES\" \/><input type=\"hidden\" name=\"_wpcf7_unit_tag\" value=\"wpcf7-f8430-o1\" \/><input type=\"hidden\" name=\"_wpcf7_container_post\" value=\"0\" \/><input type=\"hidden\" name=\"_wpcf7_posted_data_hash\" value=\"\" \/>\n<\/fieldset>\n<p><label> Nombre <span class=\"wpcf7-form-control-wrap\" data-name=\"your-name\"><input size=\"40\" maxlength=\"400\" class=\"wpcf7-form-control wpcf7-text wpcf7-validates-as-required\" aria-required=\"true\" aria-invalid=\"false\" value=\"\" type=\"text\" name=\"your-name\" \/><\/span> <\/label>\n<\/p>\n<p><label> Correo electr\u00f3nico <span class=\"wpcf7-form-control-wrap\" data-name=\"your-email\"><input size=\"40\" maxlength=\"400\" class=\"wpcf7-form-control wpcf7-email wpcf7-validates-as-required wpcf7-text wpcf7-validates-as-email\" aria-required=\"true\" aria-invalid=\"false\" value=\"\" type=\"email\" name=\"your-email\" \/><\/span> <\/label>\n<\/p>\n<p><label> Tema <span class=\"wpcf7-form-control-wrap\" data-name=\"your-subject\"><input size=\"40\" maxlength=\"400\" class=\"wpcf7-form-control wpcf7-text wpcf7-validates-as-required\" aria-required=\"true\" aria-invalid=\"false\" value=\"\" type=\"text\" name=\"your-subject\" \/><\/span> <\/label>\n<\/p>\n<p><label> Mensaje <span class=\"wpcf7-form-control-wrap\" data-name=\"your-message\"><textarea cols=\"40\" rows=\"10\" maxlength=\"2000\" class=\"wpcf7-form-control wpcf7-textarea wpcf7-validates-as-required\" aria-required=\"true\" aria-invalid=\"false\" name=\"your-message\"><\/textarea><\/span> <\/label>\n<\/p>\n<p><input class=\"wpcf7-form-control wpcf7-submit has-spinner\" type=\"submit\" value=\"Enviar\" \/>\n<\/p><div class=\"wpcf7-response-output\" aria-hidden=\"true\"><\/div>\n<\/form>\n<\/div>\n[\/vc_column][\/vc_row]<\/p>\n<\/div>","protected":false},"excerpt":{"rendered":"<p>[vc_row][vc_column][vc_column_text css=\u00bb\u00bb] Cont\u00e1ctenos [\/vc_column_text][\/vc_column][\/vc_row][vc_row][vc_column width=\u00bb1\/3&#8243;][vc_column_text css=\u00bb\u00bb] editions@emotionforte.com 4 rue Pag\u00e8s, 34070 Montpellier, France Para estar al d\u00eda de la publicaci\u00f3n de nuevos libros y de las diversas actividades de Editions Emotion Forte, \u00a1inscr\u00edbase a nuestro bolet\u00edn de noticias![\/vc_column_text][vc_btn title=\u00bbSuscr\u00edbase a nuestro bolet\u00edn\u00bb style=\u00bbflat\u00bb color=\u00bbprimary\u00bb css=\u00bb.vc_custom_1722420089403{margin-bottom: 0px !important;}\u00bb link=\u00bburl:https%3A%2F%2Ff23500c7.sibforms.com%2Fserve%2FMUIFAHqC4KJcpoo_T89XFGxuMvbpP92A_DdJe8A1b3dLr6Jt3jQTdtZ7nAuUrHRKm_V1GtINmAH4825qqsLEX3GRrwpkRoZWbuGyC2lVlFma9OfTURtKmhChDZXZ5zdHi6nZqca816hkGKRv77fcV9yvVd-uaMvK3egPt86rtNHOJU1WdKgG5u9aknp0x3XrV9fW02nBadY9GHuk|target:_blank|\u00bb][\/vc_column][vc_column width=\u00bb2\/3&#8243;][\/vc_column][\/vc_row]<\/p>\n","protected":false},"author":1,"featured_media":0,"parent":0,"menu_order":0,"comment_status":"closed","ping_status":"closed","template":"","meta":{"footnotes":""},"class_list":["post-6394","page","type-page","status-publish","hentry"],"_links":{"self":[{"href":"https:\/\/www.emotionforte.com\/es\/wp-json\/wp\/v2\/pages\/6394","targetHints":{"allow":["GET"]}}],"collection":[{"href":"https:\/\/www.emotionforte.com\/es\/wp-json\/wp\/v2\/pages"}],"about":[{"href":"https:\/\/www.emotionforte.com\/es\/wp-json\/wp\/v2\/types\/page"}],"author":[{"embeddable":true,"href":"https:\/\/www.emotionforte.com\/es\/wp-json\/wp\/v2\/users\/1"}],"replies":[{"embeddable":true,"href":"https:\/\/www.emotionforte.com\/es\/wp-json\/wp\/v2\/comments?post=6394"}],"version-history":[{"count":5,"href":"https:\/\/www.emotionforte.com\/es\/wp-json\/wp\/v2\/pages\/6394\/revisions"}],"predecessor-version":[{"id":8469,"href":"https:\/\/www.emotionforte.com\/es\/wp-json\/wp\/v2\/pages\/6394\/revisions\/8469"}],"wp:attachment":[{"href":"https:\/\/www.emotionforte.com\/es\/wp-json\/wp\/v2\/media?parent=6394"}],"curies":[{"name":"wp","href":"https:\/\/api.w.org\/{rel}","templated":true}]}}