{"id":6392,"date":"2021-04-12T13:23:30","date_gmt":"2021-04-12T11:23:30","guid":{"rendered":"https:\/\/www.emotionforte.com\/condiciones-generales-de-venta\/"},"modified":"2021-04-12T13:23:30","modified_gmt":"2021-04-12T11:23:30","slug":"condiciones-generales-de-venta","status":"publish","type":"page","link":"https:\/\/www.emotionforte.com\/es\/condiciones-generales-de-venta\/","title":{"rendered":"Condiciones generales de venta"},"content":{"rendered":"\n<p>Condiciones generales de venta de los productos vendidos en EmotionForte.com<\/p>\n\n<p>Fecha de la \u00faltima actualizaci\u00f3n: 01\/12\/2020.<\/p>\n\n<p>EMOTION FORTE<br\/>4 RUE PAGES 34070 MONTPELLIER<\/p>\n\n<p>Asociaci\u00f3n declarada<br\/>Registrado en el INSEE el 29-01-2003<br\/>SIREN 448280479<br\/>SIRET (siege) 44828047900016<br\/>N\u00famero de IVA intracomunitario FR81448280479<br\/>Actividad (Code NAF ou APE) Otras organizaciones de voluntarios (9499Z)<\/p>\n\n<p>Art\u00edculo 1 &#8211; Objetivo<\/p>\n\n<p>Las presentes condiciones rigen la venta de libros por parte de la asociaci\u00f3n Emotion Forte.\u00a0<\/p>\n\n<p>Art\u00edculo 2 &#8211; Precios<\/p>\n\n<p>Los precios de nuestros productos se indican en euros con todos los impuestos incluidos (IVA y otros impuestos aplicables el d\u00eda del pedido), salvo que se indique lo contrario y sin incluir los gastos de tramitaci\u00f3n y env\u00edo.<\/p>\n\n<p>En el caso de un pedido a un pa\u00eds distinto de Francia metropolitana, usted es el importador del producto o productos en cuesti\u00f3n. Es posible que haya que pagar derechos de aduana u otros impuestos locales o derechos de importaci\u00f3n o impuestos estatales. Estos derechos y sumas no son competencia de la asociaci\u00f3n Emotion Forte.<\/p>\n\n<p>Usted ser\u00e1 responsable de hacer todas las declaraciones y pagos necesarios a las autoridades y organizaciones pertinentes de su pa\u00eds. Le aconsejamos que pregunte a las autoridades locales sobre estos aspectos.\u00a0<\/p>\n\n<p>Todos los pedidos, independientemente de su origen, se pagan en euros. \u00a0<\/p>\n\n<p>La asociaci\u00f3n Emotion Forte se reserva el derecho de modificar sus precios en cualquier momento, pero el producto se facturar\u00e1 sobre la base de la tarifa en vigor en el momento de la validaci\u00f3n del pedido y bajo reserva de disponibilidad.\u00a0<\/p>\n\n<p>Los productos son propiedad de la asociaci\u00f3n Emotion Forte hasta el pago completo del precio. \u00a0<\/p>\n\n<p>Tenga en cuenta que, desde el momento en que tome posesi\u00f3n f\u00edsica de los productos solicitados, el riesgo de p\u00e9rdida o da\u00f1o de los mismos se transfiere a usted.\u00a0<\/p>\n\n<p>Art\u00edculo 3 &#8211; Pedidos<\/p>\n\n<p>Puede hacer un pedido:\u00a0<\/p>\n\n<p>Detallar las modalidades elegidas, por ejemplo: <\/p>\n\n<ul class=\"wp-block-list\"><li>En Internet : <a href=\"https:\/\/emotionforte.com\/\">EmotionForte.com<\/a><\/li><\/ul>\n<p>La informaci\u00f3n contractual se presenta en espa\u00f1ol y ser\u00e1 confirmada a m\u00e1s tardar en el momento de la validaci\u00f3n de su pedido. \u00a0<\/p>\n\n<p>La asociaci\u00f3n Emotion Forte se reserva el derecho de no registrar un pago, y de no confirmar un pedido por cualquier motivo, especialmente en caso de problemas de suministro, o en caso de dificultad relativa al pedido recibido.\u00a0<\/p>\n\n<p>Art\u00edculo 4 &#8211; Validaci\u00f3n de su pedido<\/p>\n\n<p>Cualquier pedido realizado en el sitio web EmotionForte.com implica la adhesi\u00f3n a estos T\u00e9rminos y Condiciones. Toda confirmaci\u00f3n de pedido implica su adhesi\u00f3n total y completa a estas condiciones generales de venta, sin excepci\u00f3n ni reserva. \u00a0<\/p>\n\n<p>Todos los datos proporcionados y la confirmaci\u00f3n registrada se considerar\u00e1n como prueba de la transacci\u00f3n.\u00a0<\/p>\n\n<p>Usted declara ser plenamente consciente de ello. \u00a0<\/p>\n\n<p>La confirmaci\u00f3n del pedido se considerar\u00e1 como una firma y aceptaci\u00f3n de las operaciones realizadas. \u00a0<\/p>\n\n<p>Un resumen de la informaci\u00f3n de su pedido y de las presentes Condiciones Generales, le ser\u00e1 comunicado en formato PDF\u00a0<em>via\u00a0<\/em>la direcci\u00f3n de correo electr\u00f3nico de su confirmaci\u00f3n de pedido.\u00a0<\/p>\n\n<p>Art\u00edculo 5 &#8211; Pago<\/p>\n\n<p>El hecho de validar su pedido implica para usted la obligaci\u00f3n de pagar el precio indicado. \u00a0<\/p>\n\n<p>El pago de sus compras se realiza con tarjeta de cr\u00e9dito a trav\u00e9s del sistema seguro que ofrecen Paypal y Payplug.\u00a0<\/p>\n\n<p>El cargo en la tarjeta s\u00f3lo se realiza cuando se env\u00eda el pedido. En el caso de las entregas fraccionadas, s\u00f3lo se cargan los productos enviados.\u00a0<\/p>\n\n<p>Art\u00edculo 6 &#8211; Retirada<\/p>\n\n<p>De conformidad con lo dispuesto en el art\u00edculo L.121-21 del C\u00f3digo del Consumidor, dispone de un plazo de desistimiento de 14 d\u00edas a partir de la recepci\u00f3n de sus productos para ejercer su derecho de desistimiento sin tener que justificar sus motivos ni pagar una penalizaci\u00f3n. \u00a0<\/p>\n\n<p>Las devoluciones deben hacerse en su estado original y completo (embalaje, accesorios, instrucciones). En este contexto, su responsabilidad est\u00e1 comprometida. Cualquier da\u00f1o que sufra el producto en esta ocasi\u00f3n puede anular el derecho de desistimiento.<\/p>\n\n<p>Los gastos de env\u00edo de la devoluci\u00f3n corren a su cargo\u00a0<\/p>\n\n<p>En caso de ejercer el derecho de desistimiento, la asociaci\u00f3n Emotion Forte proceder\u00e1 al reembolso de las sumas pagadas, dentro de los 14 d\u00edas siguientes a la notificaci\u00f3n de su solicitud y\u00a0<em>via<\/em>\u00a0el mismo medio de pago que el utilizado para el pedido.\u00a0<\/p>\n\n<p>EXCEPCIONES AL DERECHO DE DESISTIMIENTO \u00a0<\/p>\n\n<p>De conformidad con lo dispuesto en el art\u00edculo L.121-21-8 del C\u00f3digo del Consumidor, el derecho de desistimiento no se aplica a : \u00a0<\/p>\n\n<ul class=\"wp-block-list\"><li>Las prestaciones de servicios que se ejecuten en su totalidad antes de que finalice el plazo de desistimiento y cuya ejecuci\u00f3n haya comenzado despu\u00e9s de que el consumidor haya dado su consentimiento expreso previo y haya renunciado expresamente a su derecho de desistimiento.<\/li><li>El suministro de bienes o servicios cuyo precio depende de las fluctuaciones del mercado financiero que escapan al control del comerciante y que pueden producirse durante el periodo de retirada.<\/li><li>El suministro de bienes hechos seg\u00fan las especificaciones del consumidor o claramente personalizados.<\/li><li>El suministro de bienes que pueden deteriorarse o caducar r\u00e1pidamente.<\/li><li>El suministro de bienes que han sido desprecintados por el consumidor despu\u00e9s de la entrega y que no pueden ser devueltos por razones de higiene o protecci\u00f3n de la salud.<\/li><li>El suministro de bienes que, tras la entrega y por su naturaleza, est\u00e1n inseparablemente mezclados con otros art\u00edculos;<\/li><li>El suministro de bebidas alcoh\u00f3licas cuya entrega se retrasa m\u00e1s de treinta d\u00edas y cuyo valor acordado al celebrar el contrato depende de las fluctuaciones del mercado ajenas al control del comerciante.<\/li><li>El suministro de grabaciones de audio o v\u00eddeo o de programas inform\u00e1ticos cuando han sido desprecintados por el consumidor despu\u00e9s de la entrega.<\/li><li>El suministro de un diario, peri\u00f3dico o revista, excepto los contratos de suscripci\u00f3n a dichas publicaciones.<\/li><li>Transacciones concluidas durante una subasta p\u00fablica.<\/li><li>El suministro de contenidos digitales no suministrados en un soporte material, cuya ejecuci\u00f3n haya comenzado despu\u00e9s de que el consumidor haya dado su consentimiento expreso y previo y haya renunciado expresamente a su derecho de desistimiento.<\/li><\/ul>\n<p>Art\u00edculo 7 &#8211; Disponibilidad<\/p>\n\n<p>Nuestros productos se ofrecen siempre que sean visibles en el sitio EmotionForte.com y dentro de los l\u00edmites de las existencias disponibles. Para los productos que no est\u00e1n en stock, nuestras ofertas son v\u00e1lidas seg\u00fan la disponibilidad de nuestros proveedores.<br\/>En caso de que el producto no est\u00e9 disponible despu\u00e9s de realizar su pedido, le informaremos por correo. Su pedido se anular\u00e1 autom\u00e1ticamente y no se realizar\u00e1 ning\u00fan cargo bancario. \u00a0<\/p>\n\n<p>Adem\u00e1s, el sitio web EmotionForte.com no est\u00e1 destinado a vender sus productos en grandes cantidades. Por lo tanto, la asociaci\u00f3n Emotion Forte se reserva el derecho de rechazar pedidos que superen un determinado n\u00famero de art\u00edculos id\u00e9nticos.\u00a0<\/p>\n\n<p>Art\u00edculo 8 &#8211; Entrega<\/p>\n\n<p>Los productos se entregan en la direcci\u00f3n de entrega indicada durante el proceso de pedido, en el plazo indicado en la p\u00e1gina de validaci\u00f3n del pedido.\u00a0<\/p>\n\n<p>En caso de retraso en el env\u00edo, se le enviar\u00e1 un correo electr\u00f3nico para informarle de las posibles consecuencias en el plazo de entrega que se le indic\u00f3. \u00a0<\/p>\n\n<p>De acuerdo con las disposiciones legales, en caso de retraso en la entrega, usted se beneficia de la posibilidad de anular el pedido en las condiciones y modalidades definidas en el art\u00edculo L 138-2 del C\u00f3digo de Consumo. Si entretanto recibe el producto, procederemos a reembolsarle a usted y a los gastos de env\u00edo de acuerdo con las condiciones del art\u00edculo L 138-3 del C\u00f3digo del Consumidor.\u00a0<\/p>\n\n<p>En el caso de las entregas por un transportista, la asociaci\u00f3n Emotion Forte no puede ser responsable de la entrega tard\u00eda debido exclusivamente a la falta de disponibilidad del cliente despu\u00e9s de varias propuestas de cita.\u00a0<\/p>\n\n<p>Art\u00edculo 9 &#8211; Garant\u00eda<\/p>\n\n<p>Todos nuestros productos se benefician de la garant\u00eda legal de conformidad y de la garant\u00eda de los vicios ocultos, previstas por los art\u00edculos 1641 y siguientes del C\u00f3digo Civil. En caso de no conformidad de un producto vendido, \u00e9ste puede ser devuelto, cambiado o reembolsado. <\/p>\n\n<p>Todas las reclamaciones, solicitudes de cambio o reembolso deben realizarse por correo en un plazo de 30 d\u00edas a partir de la entrega. \u00a0<\/p>\n\n<p>Los productos deben devolverse en el estado en que los recibi\u00f3 con todos los elementos (accesorios, embalaje, instrucciones&#8230;). Los gastos de env\u00edo se le reembolsar\u00e1n sobre la base de la tarifa facturada y los gastos de devoluci\u00f3n se le reembolsar\u00e1n previa presentaci\u00f3n de los recibos.\u00a0<\/p>\n\n<p>Las disposiciones del presente art\u00edculo no le impiden beneficiarse del derecho de desistimiento previsto en el art\u00edculo 6.\u00a0<\/p>\n\n<p>Art\u00edculo 10 &#8211; Responsabilidad<\/p>\n\n<p>Los productos ofrecidos son conformes a la legislaci\u00f3n francesa vigente. La responsabilidad de la asociaci\u00f3n Emotion Forte no puede ser considerada responsable del incumplimiento de la legislaci\u00f3n del pa\u00eds donde se entrega el producto. Es su responsabilidad comprobar con las autoridades locales las posibilidades de importar o utilizar los productos o servicios que piensa pedir.\u00a0<\/p>\n\n<p>Adem\u00e1s, la asociaci\u00f3n Emotion Forte no se hace responsable de los da\u00f1os derivados del uso inadecuado del producto adquirido.\u00a0<\/p>\n\n<p>Por \u00faltimo, Emotion Forte no se responsabiliza de los inconvenientes o da\u00f1os inherentes a la utilizaci\u00f3n de la red Internet, en particular de una interrupci\u00f3n del servicio, de una intrusi\u00f3n externa o de la presencia de virus inform\u00e1ticos.\u00a0<\/p>\n\n<p>Art\u00edculo 11 &#8211; Ley aplicable en caso de litigio<\/p>\n\n<p>El idioma de este contrato es el franc\u00e9s. Las presentes condiciones de venta est\u00e1n sujetas a la legislaci\u00f3n francesa. En caso de litigio, los tribunales franceses ser\u00e1n los \u00fanicos competentes.\u00a0<\/p>\n\n<p>Art\u00edculo 12 &#8211; Propiedad intelectual<\/p>\n\n<p>Todos los elementos del sitio web EmotionForte.com son y siguen siendo propiedad intelectual exclusiva de la asociaci\u00f3n Emotion Forte. Nadie est\u00e1 autorizado a reproducir, explotar, retransmitir o utilizar para cualquier fin, incluso parcialmente, elementos del sitio, ya sean de software, visuales o de audio. Cualquier enlace simple o hipertexto est\u00e1 estrictamente prohibido sin el consentimiento expreso por escrito de la asociaci\u00f3n Emotion Forte. \u00a0<\/p>\n\n<p>Art\u00edculo 13 &#8211; Datos personales<\/p>\n\n<p>La asociaci\u00f3n Emotion Forte se reserva el derecho de recoger informaci\u00f3n personal sobre usted. Son necesarias para gestionar su pedido, as\u00ed como para mejorar los servicios y la informaci\u00f3n que le enviamos. \u00a0<\/p>\n\n<p>Tambi\u00e9n puede ser transmitida a empresas que contribuyen a esta relaci\u00f3n, como las encargadas de la ejecuci\u00f3n de servicios y pedidos para su gesti\u00f3n, ejecuci\u00f3n, tramitaci\u00f3n y pago. \u00a0<\/p>\n\n<p>Esta informaci\u00f3n y datos tambi\u00e9n se conservan por motivos de seguridad, para cumplir con las obligaciones legales y reglamentarias. \u00a0<\/p>\n\n<p>De acuerdo con la ley del 6 de enero de 1978, usted tiene derecho a acceder, rectificar y oponerse a la informaci\u00f3n y los datos personales que le conciernen, directamente en el sitio web.\u00a0<\/p>\n\n<p>Art\u00edculo 14 &#8211; Archivo de pruebas<\/p>\n\n<p>La asociaci\u00f3n Emotion Forte archivar\u00e1 las \u00f3rdenes de compra y las facturas en un soporte fiable y duradero como una copia fiel de acuerdo con las disposiciones del art\u00edculo 1348 del C\u00f3digo Civil. \u00a0<\/p>\n\n<p><\/p>\n","protected":false},"excerpt":{"rendered":"<p>Condiciones generales de venta de los productos vendidos en EmotionForte.com Fecha de la \u00faltima actualizaci\u00f3n: 01\/12\/2020. EMOTION FORTE4 RUE PAGES 34070 MONTPELLIER Asociaci\u00f3n declaradaRegistrado en el INSEE el 29-01-2003SIREN 448280479SIRET (siege) 44828047900016N\u00famero de IVA intracomunitario FR81448280479Actividad (Code NAF ou APE) Otras organizaciones de voluntarios (9499Z) Art\u00edculo 1 &#8211; Objetivo Las presentes condiciones rigen la venta de libros por parte de la asociaci\u00f3n Emotion Forte.\u00a0 Art\u00edculo 2 &#8211; Precios Los precios de nuestros productos se indican en euros con todos los impuestos incluidos (IVA y otros impuestos aplicables el d\u00eda del pedido), salvo que se indique lo contrario y sin incluir los gastos de tramitaci\u00f3n y env\u00edo. En el caso de un pedido a un pa\u00eds distinto de Francia metropolitana, usted es el importador del producto o productos en cuesti\u00f3n. Es posible que haya que pagar derechos de aduana u otros impuestos locales o derechos de importaci\u00f3n o impuestos estatales. Estos derechos y sumas no son competencia de la asociaci\u00f3n Emotion Forte. Usted ser\u00e1 responsable de hacer todas las declaraciones y pagos necesarios a las autoridades y organizaciones pertinentes de su pa\u00eds. Le aconsejamos que pregunte a las autoridades locales sobre estos aspectos.\u00a0 Todos los pedidos, independientemente de su origen, se [&hellip;]<\/p>\n","protected":false},"author":1,"featured_media":0,"parent":0,"menu_order":0,"comment_status":"closed","ping_status":"closed","template":"","meta":{"footnotes":""},"class_list":["post-6392","page","type-page","status-publish","hentry"],"_links":{"self":[{"href":"https:\/\/www.emotionforte.com\/es\/wp-json\/wp\/v2\/pages\/6392","targetHints":{"allow":["GET"]}}],"collection":[{"href":"https:\/\/www.emotionforte.com\/es\/wp-json\/wp\/v2\/pages"}],"about":[{"href":"https:\/\/www.emotionforte.com\/es\/wp-json\/wp\/v2\/types\/page"}],"author":[{"embeddable":true,"href":"https:\/\/www.emotionforte.com\/es\/wp-json\/wp\/v2\/users\/1"}],"replies":[{"embeddable":true,"href":"https:\/\/www.emotionforte.com\/es\/wp-json\/wp\/v2\/comments?post=6392"}],"version-history":[{"count":1,"href":"https:\/\/www.emotionforte.com\/es\/wp-json\/wp\/v2\/pages\/6392\/revisions"}],"predecessor-version":[{"id":6393,"href":"https:\/\/www.emotionforte.com\/es\/wp-json\/wp\/v2\/pages\/6392\/revisions\/6393"}],"wp:attachment":[{"href":"https:\/\/www.emotionforte.com\/es\/wp-json\/wp\/v2\/media?parent=6392"}],"curies":[{"name":"wp","href":"https:\/\/api.w.org\/{rel}","templated":true}]}}